{"id":766,"date":"2016-01-21T22:58:44","date_gmt":"2016-01-21T21:58:44","guid":{"rendered":"http:\/\/test.wrage-gmbh.de\/?page_id=766"},"modified":"2022-10-28T13:51:51","modified_gmt":"2022-10-28T11:51:51","slug":"datenschutz","status":"publish","type":"page","link":"https:\/\/webserver.corepixel.de\/wrage\/datenschutz","title":{"rendered":"Datenschutz"},"content":{"rendered":"<p>[vc_row][vc_column][vc_column_text]<\/p>\n<h3><strong>1. Name und Kontaktdaten des Verantwortlichen<\/strong><\/h3>\n<p style=\"font-weight: 400;\">Diese Datenschutzerkl\u00e4rung informiert \u00fcber die Verarbeitung personenbezogener Daten auf der Unternehmenswebseite von:<\/p>\n<p style=\"font-weight: 400;\">Verantwortlicher:\u00a0 <strong>T. &amp; H. Wrage Sanit\u00e4rtechnik GmbH, Achter de H\u00f6f 4a, 22559 Hamburg, info@wrage-gmbh.de, Tel.: +49 40 812167, Fax: +49 40 814343<\/strong><\/p>\n<p style=\"font-weight: 400;\"><strong>\u00a0<\/strong><\/p>\n<p style=\"font-weight: 400;\"><strong>Kontaktdaten des Datenschutzbeauftragten:<\/strong><\/p>\n<p style=\"font-weight: 400;\">Der\/die Datenschutzbeauftragte des Unternehmens ist \u00a0<strong>Andreas Frick, Diestelbarg 37, 21039 B\u00f6rnsen, Telefon: 040-69702650, Fax: 03212-6906434, E-Mail: info@datenschutz-frick.de<\/strong> erreichbar.<\/p>\n<p>&nbsp;<\/p>\n<h3><strong>2. Umfang und Zweck der Verarbeitung personenbezogener Daten<\/strong><\/h3>\n<p style=\"font-weight: 400;\"><strong>2.1 Aufruf der Webseite<\/strong><\/p>\n<p style=\"font-weight: 400;\">Beim Aufruf dieser Webseite: https:\/\/www.wrage-gmbh.de werden durch den Internet-Browser, den der Besucher verwendet, automatisch Daten an den Server dieser Webseite gesendet und zeitlich begrenzt in einer Protokolldatei (Logfile) gespeichert. Bis zur automatischen L\u00f6schung werden nachstehende Daten ohne weitere Eingabe des Besuchers gespeichert:<\/p>\n<ul>\n<li>IP-Adresse des Endger\u00e4ts des Besuchers,<\/li>\n<li>Datum und Uhrzeit des Zugriffs durch den Besucher,<\/li>\n<li>Name und URL der vom Besucher aufgerufenen Seite,<\/li>\n<li>Webseite, von der aus der Besucher auf die Kanzleiwebseite gelangt (sog. Referrer-URL),<\/li>\n<li>Browser und Betriebssystem des Endger\u00e4ts des Besuchers sowie der Name des vom Besucher verwendeten Access-Providers.<\/li>\n<\/ul>\n<p style=\"font-weight: 400;\">Die Verarbeitung dieser personenbezogenen Daten ist gem. Art. 6 Abs. 1 Satz 1 Buchst. f) DSGVO gerechtfertigt. Das Unternehmen hat ein berechtigtes Interesse an der Datenverarbeitung zu dem Zweck,<\/p>\n<ul>\n<li>die Verbindung zur Webseite des Unternehmens z\u00fcgig aufzubauen,<\/li>\n<li>eine nutzerfreundliche Anwendung der Webseite zu erm\u00f6glichen,<\/li>\n<li>die Sicherheit und Stabilit\u00e4t der Systeme zu erkennen und zu gew\u00e4hrleisten und<\/li>\n<li>die Administration der Webseite zu erleichtern und zu verbessern.<\/li>\n<\/ul>\n<p style=\"font-weight: 400;\">Die Verarbeitung erfolgt ausdr\u00fccklich nicht zu dem Zweck Erkenntnisse \u00fcber die Person des Besuchers der Webseite zu gewinnen.<\/p>\n<p>&nbsp;<\/p>\n<h3><strong>3. Weitergabe von Daten<\/strong><\/h3>\n<p style=\"font-weight: 400;\">Personenbezogene Daten werden an Dritte \u00fcbermittelt, wenn<\/p>\n<ul>\n<li>nach Art. 6 Abs. 1 Satz 1 Buchst. a) DSGVO durch die betroffene Person ausdr\u00fccklich dazu eingewilligt wurde,<\/li>\n<li>die Weitergabe nach Art. 6 Abs. 1 Satz 1 Buchst. f) DSGVO zur Geltendmachung, Aus\u00fcbung oder Verteidigung von Rechtsanspr\u00fcchen erforderlich ist und kein Grund zur Annahme besteht, dass die betroffene Person ein \u00fcberwiegendes schutzw\u00fcrdiges Interesse an der Nichtweitergabe ihrer Daten hat,<\/li>\n<li>f\u00fcr die Daten\u00fcbermittlung nach Art. 6 Abs. 1 Satz 1 Buchst. c) DSGVO eine gesetzliche Verpflichtung besteht, und\/oder<\/li>\n<li>dies nach Art. 6 Abs. 1 Satz 1 Buchst. b) DSGVO f\u00fcr die Erf\u00fcllung eines Vertragsverh\u00e4ltnisses mit der betroffenen Person erforderlich ist.<\/li>\n<\/ul>\n<p style=\"font-weight: 400;\">In anderen F\u00e4llen werden personenbezogene Daten nicht an Dritte weitergegeben.<\/p>\n<p>&nbsp;<\/p>\n<h3><strong>4. Cookies <\/strong><\/h3>\n<p style=\"font-weight: 400;\">Auf der Webseite werden sog. Cookies eingesetzt. Das sind Datenpakete, die zwischen dem Server der Unternehmenswebseite und dem Browser des Besuchers ausgetauscht werden. Diese werden beim Besuch der Webseite von den jeweils verwendeten Ger\u00e4ten (PC, Notebook, Tablet, Smartphone etc.) gespeichert. Cookies k\u00f6nnen insoweit keine Sch\u00e4den auf den verwendeten Ger\u00e4ten anrichten. Insbesondere enthalten sie keine Viren oder sonstige Schadsoftware. In den Cookies werden Informationen abgelegt, die sich jeweils im Zusammenhang mit dem spezifisch eingesetzten Endger\u00e4t ergeben. Das Unternehmen kann damit keinesfalls unmittelbar Kenntnis von der Identit\u00e4t des Besuchers der Webseite erhalten.<\/p>\n<p style=\"font-weight: 400;\">Cookies werden nach den Grundeinstellungen der Browser gr\u00f6\u00dftenteils akzeptiert. Die Browsereinstellungen k\u00f6nnen so eingerichtet werden, dass Cookies entweder auf den verwendeten Ger\u00e4ten nicht akzeptiert werden, oder dass jeweils ein besonderer Hinweis erfolgt, bevor ein neuer Cookie angelegt wird. Es wird allerdings darauf hingewiesen, dass die Deaktivierung von Cookies dazu f\u00fchren kann, dass nicht alle Funktionen der Webseite bestm\u00f6glich genutzt werden k\u00f6nnen.<\/p>\n<p style=\"font-weight: 400;\">Der Einsatz von Cookies dient dazu, die Nutzung des Webangebots des Unternehmens komfortabler zu gestalten. So kann beispielsweise anhand von Session-Cookies nachvollzogen werden, ob der Besucher einzelne Seiten der Webseite bereits besucht hat. Nach Verlassen der Webseite werden diese Session-Cookies automatisch gel\u00f6scht.<\/p>\n<p style=\"font-weight: 400;\">Zur Verbesserung der Benutzerfreundlichkeit werden tempor\u00e4re Cookies eingesetzt. Sie werden f\u00fcr einen vor\u00fcbergehenden Zeitraum auf dem Ger\u00e4t des Besuchers gespeichert. Bei erneutem Besuch der Webseite wird automatisch erkannt, dass der Besucher die Seite bereits zu einem fr\u00fcheren Zeitpunkt aufgerufen hat und welche Eingaben und Einstellungen dabei vorgenommen wurden, um diese nicht wiederholen zu m\u00fcssen.<\/p>\n<p style=\"font-weight: 400;\">Der Einsatz von Cookies erfolgt au\u00dferdem, um die Aufrufe der Webseite zu statistischen Zwecken und zum Zwecke der Verbesserung des Angebotes zu analysieren. Diese Cookies erm\u00f6glichen es, bei einem erneuten Besuch automatisch zu erkennen, dass die Webseite bereits zuvor vom Besucher aufgerufen wurde. Hier erfolgt nach einer jeweils festgelegten Zeit eine automatische L\u00f6schung der Cookies.<\/p>\n<p style=\"font-weight: 400;\">Die durch Cookies verarbeiteten Daten sind f\u00fcr die o. g. Zwecke zur Wahrung der berechtigten Interessen des Unternehmens nach Art. 6 Abs. 1 Satz\u00a01 Buchst. f) DSGVO gerechtfertigt.<\/p>\n<p>&nbsp;<\/p>\n<h3><strong>5. Analyse-Dienste f\u00fcr Webseiten, Tracking<\/strong><\/h3>\n<p style=\"font-weight: 400;\">Wir nutzen auf unserer Webseite den Webseiten-Analysedienst f\u00fcr Webseiten von Google Analytics (Google, 1600 Amphitheatre Parkway, Mountain View, CA 94043, USA).<\/p>\n<p style=\"font-weight: 400;\">Rechtsgrundlage f\u00fcr die Verwendung des Analyse-Tools ist Art. 6 Abs. 1 Satz 1 Buchst. f) DSGVO. Die Webseitenanalyse liegt im berechtigten Interesse unseres Unternehmens und dient der statistischen Erfassung der Seitennutzung zur fortlaufenden Verbesserung unserer Webseite und des Angebots unserer Dienstleistungen.<\/p>\n<p>&nbsp;<\/p>\n<h3><strong>6. Google Maps<\/strong><\/h3>\n<p style=\"font-weight: 400;\">Auf dieser Website nutzen wir das Angebot von Google Maps. Dadurch k\u00f6nnen wir Ihnen interaktive Karten direkt in der Website anzeigen und erm\u00f6glichen Ihnen die komfortable Nutzung der Karten-Funktion.<\/p>\n<p style=\"font-weight: 400;\">Durch den Besuch auf der Website erh\u00e4lt Google die Information, dass Sie die entsprechende Unterseite unserer Website aufgerufen haben. Dies erfolgt unabh\u00e4ngig davon, ob Google ein Nutzerkonto bereitstellt, \u00fcber das Sie eingeloggt sind, oder ob kein Nutzerkonto besteht. Wenn Sie bei Google eingeloggt sind, werden Ihre Daten direkt Ihrem Konto zugeordnet. Wenn Sie die Zuordnung mit Ihrem Profil bei Google nicht w\u00fcnschen, m\u00fcssen Sie sich vor Aktivierung des Buttons ausloggen. Google speichert Ihre Daten als Nutzungsprofile und nutzt sie f\u00fcr Zwecke der Werbung, Marktforschung und\/oder bedarfsgerechten Gestaltung seiner Website. Eine solche Auswertung erfolgt insbesondere (selbst f\u00fcr nicht eingeloggte Nutzer) zur Erbringung von bedarfsgerechter Werbung und um andere Nutzer des sozialen Netzwerks \u00fcber Ihre Aktivit\u00e4ten auf unserer Website zu informieren. Ihnen steht ein Widerspruchsrecht zu gegen die Bildung dieser Nutzerprofile, wobei Sie sich zur Aus\u00fcbung dessen an Google richten m\u00fcssen.<\/p>\n<p style=\"font-weight: 400;\">(3) Weitere Informationen zu Zweck und Umfang der Datenerhebung und ihrer Verarbeitung durch den Plug-in-Anbieter erhalten Sie in den Datenschutzerkl\u00e4rungen des Anbieters. Dort erhalten Sie auch weitere Informationen zu Ihren diesbez\u00fcglichen Rechten und Einstellungsm\u00f6glichkeiten zum Schutze Ihrer Privatsph\u00e4re:\u00a0<a href=\"http:\/\/www.google.de\/intl\/de\/policies\/privacy\">http:\/\/www.google.de\/intl\/de\/policies\/privacy<\/a>. Google verarbeitet Ihre personenbezogenen Daten auch in den USA und hat sich dem EU-US Privacy Shield unterworfen,\u00a0<a href=\"https:\/\/www.privacyshield.gov\/EU-US-Framework\">https:\/\/www.privacyshield.gov\/EU-US-Framework<\/a>.<\/p>\n<p>&nbsp;<\/p>\n<h3><strong>7. Verwendung von Drittanbieter- Ressourcen<\/strong><\/h3>\n<p style=\"font-weight: 400;\">Wir empfehlen manchmal die Nutzung von Ressourcen (Software, Informationen, Produkte oder Webseiten), die Eigentum von Dritten sind oder von diesen betrieben werden und auf deren Inhalte wir keinen Einfluss haben. Deshalb k\u00f6nnen wir f\u00fcr diese fremden Inhalte auch keine Gew\u00e4hr \u00fcbernehmen. Wir bieten oder f\u00f6rdern diese Empfehlung durch Hyperlinks oder andere Methoden, um Ihnen den Zugriff auf die Drittanbieter-Ressourcen zu erleichtern. W\u00e4hrend wir uns bem\u00fchen, Ihnen hilfreiche, vertrauensw\u00fcrdige Ressourcen anzubieten, k\u00f6nnen wir dies bei einer Drittanbieter-Ressource nicht sicherstellen.<\/p>\n<p style=\"font-weight: 400;\">F\u00fcr die Inhalte der Drittanbieter-Ressourcen ist stets der jeweilige Anbieter oder Betreiber verantwortlich. Sie wurden zum Zeitpunkt der Verlinkung auf m\u00f6gliche Rechtsverst\u00f6\u00dfe \u00fcberpr\u00fcft. Rechtswidrige Inhalte waren zum Zeitpunkt der Verlinkung nicht erkennbar. Eine permanente inhaltliche Kontrolle ist jedoch ohne konkrete Anhaltspunkte einer Rechtsverletzung nicht zumutbar. Bei Bekanntwerden von Rechtsverletzungen werden wir derartige Links umgehend entfernen.<\/p>\n<p style=\"font-weight: 400;\">Daher sind wir nicht verantwortlich f\u00fcr den Inhalt oder die Richtigkeit von Drittanbieter-Ressourcen oder f\u00fcr irgendwelche Verluste oder Sch\u00e4den jeglicher Art, die sich aus der Nutzung oder dem Versagen von Produkten oder Diensten ergeben, die an oder von Dritten bereitgestellt werden. Wenn Sie eine Drittanbieter-Ressource verwenden, unterliegen Sie den Bedingungen (Lizenzen, Richtlinien oder Praktiken) des Drittanbieters, mit denen Sie sich vorher vertraut machen sollten.<\/p>\n<p style=\"font-weight: 400;\">Sie werden nicht mehr durch unsere Sicherheitsma\u00dfnahmen gesch\u00fctzt. Die Drittanbieter-Ressourcen werden nicht durch unsere Datenschutzerkl\u00e4rung erl\u00e4utert.<\/p>\n<p>&nbsp;<\/p>\n<h3><strong>8. Ihre Rechte als betroffene Person<\/strong><\/h3>\n<p style=\"font-weight: 400;\">Soweit Ihre personenbezogenen Daten anl\u00e4sslich des Besuchs unserer Webseite verarbeitet werden, stehen Ihnen als \u201ebetroffene Person\u201c im Sinne der DSGVO folgende Rechte zu:<\/p>\n<p style=\"font-weight: 400;\"><strong>8.1 Auskunft<\/strong><\/p>\n<p style=\"font-weight: 400;\">Sie k\u00f6nnen von uns Auskunft dar\u00fcber verlangen, ob personenbezogene Daten von Ihnen bei uns verarbeitet werden. Das Auskunftsrecht ist ausgeschlossen, wenn die Daten nur deshalb gespeichert sind, weil sie aufgrund gesetzlicher Aufbewahrungsfristen nicht gel\u00f6scht werden d\u00fcrfen oder ausschlie\u00dflich Zwecken der Datensicherung oder der Datenschutzkontrolle dienen, sofern die Auskunftserteilung einen unverh\u00e4ltnism\u00e4\u00dfig hohen Aufwand erfordern w\u00fcrde und die Verarbeitung zu anderen Zwecken durch geeignete technische und organisatorische Ma\u00dfnahmen ausgeschlossen ist. Sofern in Ihrem Fall das Auskunftsrecht nicht ausgeschlossen ist und Ihre personenbezogenen Daten von uns verarbeitet werden, k\u00f6nnen Sie von uns Auskunft \u00fcber folgende Informationen verlangen:<\/p>\n<ul>\n<li>Zwecke der Verarbeitung,<\/li>\n<li>Kategorien der von Ihnen verarbeiteten personenbezogenen Daten,<\/li>\n<li>Empf\u00e4nger oder Kategorien von Empf\u00e4ngern, gegen\u00fcber denen Ihre personenbezogenen Daten offen gelegt werden, insbesondere bei Empf\u00e4ngern in Drittl\u00e4ndern,<\/li>\n<li>falls m\u00f6glich die geplante Dauer, f\u00fcr die Ihre personenbezogenen Daten gespeichert werden oder, falls dies nicht m\u00f6glich ist, die Kriterien f\u00fcr die Festlegung der Speicherdauer,<\/li>\n<li>das Bestehen eines Rechts auf Berichtigung oder L\u00f6schung oder Einschr\u00e4nkung der Verarbeitung der Sie betreffenden personenbezogenen Daten oder eines Widerspruchsrechts gegen diese Verarbeitung,<\/li>\n<li>das Bestehen eines Beschwerderechts bei einer Aufsichtsbeh\u00f6rde f\u00fcr den Datenschutz,<\/li>\n<li>sofern die personenbezogenen Daten nicht bei Ihnen als betroffene Person erhoben worden sind, die verf\u00fcgbaren Informationen \u00fcber die Datenherkunft,<\/li>\n<li>das Bestehen einer automatisierten Entscheidungsfindung einschlie\u00dflich Profiling und aussagekr\u00e4ftige Informationen \u00fcber die involvierte Logik sowie die Tragweite und angestrebten Auswirkungen automatisierter Entscheidungsfindungen,<\/li>\n<li>im Fall der \u00dcbermittlung an Empf\u00e4nger in Drittl\u00e4ndern, sofern kein Beschluss der EU-Kommission \u00fcber die Angemessenheit des Schutzniveaus nach Art. 45 Abs. 3 DSGVO vorliegt, Informationen dar\u00fcber, welche geeigneten Garantien gem. Art. 46 Abs.\u00a02 DSGVO zum Schutze der personenbezogenen Daten vorgesehen sind.<\/li>\n<\/ul>\n<p style=\"font-weight: 400;\"><strong>8.2 Berichtigung und Vervollst\u00e4ndigung<\/strong><\/p>\n<p style=\"font-weight: 400;\">Sofern Sie feststellen, dass uns unrichtige personenbezogene Daten von Ihnen vorliegen, k\u00f6nnen Sie von uns die unverz\u00fcgliche Berichtigung dieser unrichtigen Daten verlangen. Bei unvollst\u00e4ndigen Sie betreffenden personenbezogenen Daten k\u00f6nnen sie die Vervollst\u00e4ndigung verlangen.<\/p>\n<p style=\"font-weight: 400;\"><strong>8.3 L\u00f6schung<\/strong><\/p>\n<p style=\"font-weight: 400;\">Sie haben ein Recht auf L\u00f6schung (\u201eRecht auf Vergessenwerden\u201c), sofern die Verarbeitung nicht zur Aus\u00fcbung des Rechts auf freie Meinungs\u00e4u\u00dferung, des Rechts auf Information oder zur Erf\u00fcllung einer rechtlichen Verpflichtung oder zur Wahrnehmung einer Aufgabe, die im \u00f6ffentlichen Interesse liegt, erforderlich ist und einer der nachstehenden Gr\u00fcnde zutrifft:<\/p>\n<ul>\n<li>Die personenbezogenen Daten sind f\u00fcr die Zwecke, f\u00fcr die sie verarbeitet wurden, nicht mehr notwendig.<\/li>\n<li>Die Rechtfertigungsgrundlage f\u00fcr die Verarbeitung war ausschlie\u00dflich Ihre Einwilligung, welche Sie widerrufen haben.<\/li>\n<li>Sie haben Widerspruch gegen die Verarbeitung Ihrer personenbezogenen Daten eingelegt, die wir \u00f6ffentlich gemacht haben.<\/li>\n<li>Sie haben Widerspruch gegen die Verarbeitung von uns nicht \u00f6ffentlich gemachter personenbezogener Daten eingelegt und es liegen keine vorrangigen berechtigten Gr\u00fcnde f\u00fcr die Verarbeitung vor.<\/li>\n<li>Ihre personenbezogenen Daten wurden unrechtm\u00e4\u00dfig verarbeitet.<\/li>\n<li>Die L\u00f6schung der personenbezogenen Daten ist zur Erf\u00fcllung einer gesetzlichen Verpflichtung, der wir unterliegen, erforderlich.<\/li>\n<\/ul>\n<p style=\"font-weight: 400;\">Kein Anspruch auf L\u00f6schung besteht, wenn die L\u00f6schung im Falle rechtm\u00e4\u00dfiger nicht automatisierter Datenverarbeitung wegen der besonderen Art der Speicherung nicht oder nur mit unverh\u00e4ltnism\u00e4\u00dfig hohem Aufwand m\u00f6glich und Ihr Interesse an der L\u00f6schung gering ist. In diesem Fall tritt an die Stelle einer L\u00f6schung die Einschr\u00e4nkung der Verarbeitung.<\/p>\n<p style=\"font-weight: 400;\"><strong>8.4 Einschr\u00e4nkung der Verarbeitung<\/strong><\/p>\n<p style=\"font-weight: 400;\">Sie k\u00f6nnen von uns die Einschr\u00e4nkung der Verarbeitung verlangen, wenn einer der nachstehenden Gr\u00fcnde zutrifft:<\/p>\n<ul>\n<li>Sie bestreiten die Richtigkeit der personenbezogenen Daten. Die Einschr\u00e4nkung kann in diesem Fall f\u00fcr die Dauer verlangt werden, die es uns erm\u00f6glicht, die Richtigkeit der Daten zu \u00fcberpr\u00fcfen.<\/li>\n<li>Die Verarbeitung ist unrechtm\u00e4\u00dfig und Sie verlangen statt L\u00f6schung die Einschr\u00e4nkung der Nutzung Ihrer personenbezogenen Daten.<\/li>\n<li>Ihre personenbezogenen Daten werden von uns nicht l\u00e4nger f\u00fcr die Zwecke der Verarbeitung ben\u00f6tigt, die Sie jedoch zur Geltendmachung, Aus\u00fcbung oder Verteidigung von Rechtsanspr\u00fcchen ben\u00f6tigen.<\/li>\n<li>Sie haben Widerspruch gem. Art. 21 Abs. 1 DSGVO eingelegt. Die Einschr\u00e4nkung der Verarbeitung kann solange verlangt werden, wie noch nicht feststeht, ob unsere berechtigten Gr\u00fcnde gegen\u00fcber Ihren Gr\u00fcnden \u00fcberwiegen.<\/li>\n<\/ul>\n<p style=\"font-weight: 400;\">Einschr\u00e4nkung der Verarbeitung bedeutet, dass die personenbezogenen Daten nur mit Ihrer Einwilligung oder zur Geltendmachung, Aus\u00fcbung oder Verteidigung von Rechtsan\u00adspr\u00fcchen oder zum Schutz der Rechte einer anderen nat\u00fcrlichen oder juristischen Person oder aus Gr\u00fcnden eines wichtigen \u00f6ffentlichen Interesses verarbeitet werden. Bevor wir die Einschr\u00e4nkung aufheben, haben wir die Pflicht, Sie dar\u00fcber zu unterrichten.<\/p>\n<p style=\"font-weight: 400;\"><strong>8.5 Daten\u00fcbertragbarkeit<\/strong><\/p>\n<p style=\"font-weight: 400;\">Sie haben ein Recht auf Daten\u00fcbertragbarkeit, sofern die Verarbeitung auf Ihrer Einwilligung (Art. 6 Abs. 1 Satz 1 Buchst. a) oder Art. 9 Abs. 2 Buchst. a) DSGVO) oder auf einem Vertrag beruht, dessen Vertragspartei Sie sind und die Verarbeitung mithilfe automatisierter Verfahren erfolgt. Das Recht auf Daten\u00fcbertragbarkeit beinhaltet in diesem Fall folgende Rechte, sofern hierdurch nicht die Rechte und Freiheiten anderer Personen beeintr\u00e4chtigt werden: Sie k\u00f6nnen von uns verlangen, die personenbezogenen Daten, die Sie uns bereit gestellt haben, in einem strukturierten, g\u00e4ngigen und maschinenlesbaren Format zu erhalten. Sie haben das Recht, diese Daten einem anderen Verantwortlichen ohne Behinderung unserseits zu \u00fcbermitteln. Soweit technisch machbar, k\u00f6nnen Sie von uns verlangen, dass wir Ihre personenbezogenen Daten direkt an einen anderen Verantwortlichen \u00fcbermitteln.<\/p>\n<p style=\"font-weight: 400;\"><strong>8.6 Widerspruch<\/strong><\/p>\n<p style=\"font-weight: 400;\">Sofern die Verarbeitung auf Art. 6 Abs. 1 Satz 1 Buchst. e) DSGVO (Wahrnehmung einer Aufgabe im \u00f6ffentlichen Interesse oder in Aus\u00fcbung \u00f6ffentlicher Gewalt) oder auf Art. 6 Abs.\u00a01 Satz 1 Buchst. f) DSGVO (berechtigtes Interesse des Verantwortlichen oder eines Dritten) beruht, haben Sie das Recht, aus Gr\u00fcnden, die sich aus Ihrer besonderen Situation ergeben, jederzeit gegen die Verarbeitung der Sie betreffenden personenbezogenen Daten Widerspruch einzulegen. Das gilt auch f\u00fcr ein auf Art.\u00a06 Abs.\u00a01 Satz\u00a01 Buchst.\u00a0e) oder Buchst.\u00a0f) DSGVO gest\u00fctztes Profiling. Nach Aus\u00fcbung des Widerspruchsrechts verarbeiten wir Ihre personenbezogenen Daten nicht mehr, es sei denn, wir k\u00f6nnen zwingende schutzw\u00fcrdige Gr\u00fcnde f\u00fcr die Verarbeitung nachweisen, die Ihre Interessen, Rechte und Freiheiten \u00fcberwiegen, oder die Verarbeitung dient der Geltendmachung, Aus\u00fcbung oder Verteidigung von Rechtsanspr\u00fcchen.<\/p>\n<p style=\"font-weight: 400;\">Sie k\u00f6nnen jederzeit Widerspruch gegen die Verarbeitung der Sie betreffenden personenbezogenen Daten zu Zwecken der Direktwerbung einlegen. Das gilt auch f\u00fcr ein Profiling, das mit einer solchen Direktwerbung in Verbindung steht. Nach Aus\u00fcbung dieses Widerspruchsrechts werden wir die betreffenden personenbezogenen Daten nicht mehr f\u00fcr Zwecke der Direktwerbung verwenden.<\/p>\n<p style=\"font-weight: 400;\">Sie haben die M\u00f6glichkeit, den Widerspruch telefonisch, per E-Mail oder an unsere zu Beginn dieser Datenschutzerkl\u00e4rung aufgef\u00fchrte Postadresse unseres Unternehmens formlos mitzuteilen.<\/p>\n<p style=\"font-weight: 400;\"><strong>8.7 Widerruf einer Einwilligung<\/strong><\/p>\n<p style=\"font-weight: 400;\">Sie haben das Recht, eine erteilte Einwilligung jederzeit mit Wirkung f\u00fcr die Zukunft zu widerrufen. Der Widerruf der Einwilligung kann telefonisch, per E-Mail oder an unsere Postadresse formlos mitgeteilt werden. Durch den Widerruf wird die Rechtm\u00e4\u00dfigkeit der Datenverarbeitung, die aufgrund der Einwilligung bis zum Eingang des Widerrufs erfolgt ist, nicht ber\u00fchrt. Nach Eingang des Widerrufs wird die Datenverarbeitung, die ausschlie\u00dflich auf Ihrer Einwilligung beruhte, eingestellt.<\/p>\n<p style=\"font-weight: 400;\"><strong>8.8 Beschwerde<\/strong><\/p>\n<p style=\"font-weight: 400;\">Wenn Sie der Ansicht sind, dass die Verarbeitung der Sie betreffenden personenbezogenen Daten rechtswidrig ist, k\u00f6nnen Sie Beschwerde bei einer Aufsichtsbeh\u00f6rde f\u00fcr den Datenschutz einlegen, die f\u00fcr den Ort Ihres Aufenthaltes oder Arbeitsplatzes oder f\u00fcr den Ort des mutma\u00dflichen Versto\u00dfes zust\u00e4ndig ist.<\/p>\n<p>&nbsp;<\/p>\n<h3><strong>9. Stand und Aktualisierung dieser Datenschutzerkl\u00e4rung<\/strong><\/h3>\n<p style=\"font-weight: 400;\">Diese Datenschutzerkl\u00e4rung hat den Stand vom 26.10.2022 Wir behalten uns vor, die Datenschutzerkl\u00e4rung zu gegebener Zeit zu aktualisieren, um den Datenschutz zu verbessern und\/oder an eine ge\u00e4nderte Rechtsprechung anzupassen.<\/p>\n<p>[\/vc_column_text][\/vc_column][\/vc_row]<\/p>","protected":false},"excerpt":{"rendered":"<p>[vc_row][vc_column][vc_column_text] 1. Name und Kontaktdaten des Verantwortlichen Diese Datenschutzerkl\u00e4rung informiert \u00fcber die Verarbeitung personenbezogener Daten auf der Unternehmenswebseite von: Verantwortlicher:\u00a0 T. &amp; H. Wrage Sanit\u00e4rtechnik GmbH, Achter de H\u00f6f 4a, 22559 Hamburg, info@wrage-gmbh.de, Tel.: +49 40 812167, Fax: +49 40 814343 \u00a0 Kontaktdaten des Datenschutzbeauftragten: Der\/die Datenschutzbeauftragte des Unternehmens ist \u00a0Andreas Frick, Diestelbarg 37, 21039<\/p>\n","protected":false},"author":1,"featured_media":0,"parent":0,"menu_order":0,"comment_status":"closed","ping_status":"closed","template":"","meta":[],"_links":{"self":[{"href":"https:\/\/webserver.corepixel.de\/wrage\/wp-json\/wp\/v2\/pages\/766"}],"collection":[{"href":"https:\/\/webserver.corepixel.de\/wrage\/wp-json\/wp\/v2\/pages"}],"about":[{"href":"https:\/\/webserver.corepixel.de\/wrage\/wp-json\/wp\/v2\/types\/page"}],"author":[{"embeddable":true,"href":"https:\/\/webserver.corepixel.de\/wrage\/wp-json\/wp\/v2\/users\/1"}],"replies":[{"embeddable":true,"href":"https:\/\/webserver.corepixel.de\/wrage\/wp-json\/wp\/v2\/comments?post=766"}],"version-history":[{"count":2,"href":"https:\/\/webserver.corepixel.de\/wrage\/wp-json\/wp\/v2\/pages\/766\/revisions"}],"predecessor-version":[{"id":1219,"href":"https:\/\/webserver.corepixel.de\/wrage\/wp-json\/wp\/v2\/pages\/766\/revisions\/1219"}],"wp:attachment":[{"href":"https:\/\/webserver.corepixel.de\/wrage\/wp-json\/wp\/v2\/media?parent=766"}],"curies":[{"name":"wp","href":"https:\/\/api.w.org\/{rel}","templated":true}]}}